{"id":85,"date":"2025-02-20T23:26:27","date_gmt":"2025-02-20T22:26:27","guid":{"rendered":"https:\/\/motorrad-ritter.de\/?page_id=85"},"modified":"2025-02-20T23:26:27","modified_gmt":"2025-02-20T22:26:27","slug":"unser-verein","status":"publish","type":"page","link":"https:\/\/motorrad-ritter.de\/index.php\/unser-verein\/","title":{"rendered":"Unser Verein"},"content":{"rendered":"\n<p><strong>Motorrad Ritter e.V.<\/strong><\/p>\n\n\n\n<p>Die Motorrad Ritter haben ihren Ursprung in Fahrenzshausen.<br>Die offizielle Gr\u00fcndung erfolgte 1985 auf Schloss Prunn in Altm\u00fchltal.<br>Seit 2018 haben wir unseren Vereinssitz in Petershausen.<\/p>\n\n\n\n<hr class=\"wp-block-separator has-alpha-channel-opacity\"\/>\n\n\n\n<p><strong>Wer sind wir<\/strong>?<\/p>\n\n\n\n<p>Die Motorrad Ritter sind ein Verein, der aus \u00fcber 50 begeisterten Motorradfahrer\/-innen aller Altersgruppen besteht. Dabei geht es quer durch alle Gesellschaftsschichten und Regionen in Deutschland.<\/p>\n\n\n\n<hr class=\"wp-block-separator has-alpha-channel-opacity\"\/>\n\n\n\n<p><strong>Was wollen wir?<\/strong><\/p>\n\n\n\n<p>Ohne Zweifel ist der Ruf der Motorradfahrer in der \u00d6ffentlichkeit nicht immer positiv. Durch unser Motto wollen wir dieses Negativimage verbessern: Reisen statt rasen, Sicherheit vor Schnelligkeit. Denn wir bewegen uns nicht allein auf unseren Stra\u00dfen, sondern in einer gro\u00dfen Gemeinschaft. Da gilt es, mit einem guten Beispiel voranzugehen und Verantwortung zu \u00fcbernehmen. Aus diesem Grund sind wir auch Mitglied in der BAGMO (Bundesarbeitsgemeinschaft Motorrad).<\/p>\n\n\n\n<hr class=\"wp-block-separator has-alpha-channel-opacity\"\/>\n\n\n\n<p><strong>Spa\u00df muss sein<\/strong><\/p>\n\n\n\n<p>Bei allen guten Vors\u00e4tzen darf der Spa\u00df nicht zu kurz kommen, das ist klar. Darum wenden wir uns an alle, die Geselligkeit suchen und Spa\u00df am Reisen in der Gruppe haben. Einen typischen Clubabend und das entsprechende Heim dazu gibt es zwar nicht, daf\u00fcr organisieren wir jedes Jahr Treffen und Touren, die in lockerer Stimmung und Folge stattfinden und bis heute immer zu einem harmonischen Erlebnis wurden. Und damit das so bleibt, wollen wir auch k\u00fcnftig auf Raser verzichten. Ansonsten ist jeder, ganz gleich ob Fahrer oder Beifahrer, jung oder alt herzlich willkommen.<\/p>\n\n\n\n<hr class=\"wp-block-separator has-alpha-channel-opacity\"\/>\n\n\n\n<p>Wer Interesse an unserem Verein hat, meldet sich bitte bei einem der Vorst\u00e4ndler.<\/p>\n","protected":false},"excerpt":{"rendered":"<p>Motorrad Ritter e.V. Die Motorrad Ritter haben ihren Ursprung in Fahrenzshausen.Die offizielle Gr\u00fcndung erfolgte 1985 auf Schloss Prunn in Altm\u00fchltal.Seit 2018 haben wir unseren Vereinssitz in Petershausen. Wer sind wir? Die Motorrad Ritter sind ein Verein, der aus \u00fcber 50 begeisterten Motorradfahrer\/-innen aller Altersgruppen besteht. Dabei geht es quer durch alle Gesellschaftsschichten und Regionen in [&hellip;]<\/p>\n","protected":false},"author":1,"featured_media":0,"parent":0,"menu_order":0,"comment_status":"closed","ping_status":"closed","template":"","meta":{"footnotes":""},"class_list":["post-85","page","type-page","status-publish","hentry"],"_links":{"self":[{"href":"https:\/\/motorrad-ritter.de\/index.php\/wp-json\/wp\/v2\/pages\/85","targetHints":{"allow":["GET"]}}],"collection":[{"href":"https:\/\/motorrad-ritter.de\/index.php\/wp-json\/wp\/v2\/pages"}],"about":[{"href":"https:\/\/motorrad-ritter.de\/index.php\/wp-json\/wp\/v2\/types\/page"}],"author":[{"embeddable":true,"href":"https:\/\/motorrad-ritter.de\/index.php\/wp-json\/wp\/v2\/users\/1"}],"replies":[{"embeddable":true,"href":"https:\/\/motorrad-ritter.de\/index.php\/wp-json\/wp\/v2\/comments?post=85"}],"version-history":[{"count":1,"href":"https:\/\/motorrad-ritter.de\/index.php\/wp-json\/wp\/v2\/pages\/85\/revisions"}],"predecessor-version":[{"id":87,"href":"https:\/\/motorrad-ritter.de\/index.php\/wp-json\/wp\/v2\/pages\/85\/revisions\/87"}],"wp:attachment":[{"href":"https:\/\/motorrad-ritter.de\/index.php\/wp-json\/wp\/v2\/media?parent=85"}],"curies":[{"name":"wp","href":"https:\/\/api.w.org\/{rel}","templated":true}]}}