{"id":35,"date":"2025-02-20T22:17:27","date_gmt":"2025-02-20T21:17:27","guid":{"rendered":"https:\/\/motorrad-ritter.de\/?page_id=35"},"modified":"2025-02-20T22:56:52","modified_gmt":"2025-02-20T21:56:52","slug":"impressum","status":"publish","type":"page","link":"https:\/\/motorrad-ritter.de\/index.php\/impressum\/","title":{"rendered":"Impressum"},"content":{"rendered":"\n<p class=\"has-text-align-center\">Hier findest du alle rechtlichen Informationen \u00fcber Motorrad Ritter e.V.<\/p>\n\n\n\n<hr class=\"wp-block-separator has-alpha-channel-opacity\"\/>\n\n\n\n<p><\/p>\n\n\n\n<p><strong>Angaben gem\u00e4\u00df \u00a75 TMG:<\/strong><\/p>\n\n\n\n<p>Motorrad Ritter e.V.<br>Goldmarkstr. 87<br>80937 M\u00fcnchen<br>E-Mail: <a href=\"mailto:juergen.moederl@gmx.de\">juergen.moederl@gmx.de<\/a><br>Webadministration: <a href=\"mailto:support@axiom-node.eu\">support@axiom-node.eu<\/a><\/p>\n\n\n\n<p>Vereinsregister: 207900<br>Registergericht: Amtsgericht M\u00fcnchen<\/p>\n\n\n\n<hr class=\"wp-block-separator has-alpha-channel-opacity\"\/>\n\n\n\n<p><strong>Vertreten durch<\/strong><br>J\u00fcrgen M\u00f6derl<\/p>\n\n\n\n<hr class=\"wp-block-separator has-alpha-channel-opacity\"\/>\n\n\n\n<p><strong>Haftung f\u00fcr Links<\/strong><\/p>\n\n\n\n<p>Mit dem Urteil vom 12. Mai 1998 hat das Landgericht Hamburg entschieden, das man durch die Anbringung eines Links die Inhalte der gelinkte Seite ggf. mit zu verantworten hat. dies kann nur dadurch verhindert werden, dass man sich ausdr\u00fccklich von diesem Inhalt distanziert. F\u00fcr alle Links auf dieser Homepage gilt: &#8222;Ich distanziere mich hiermit ausdr\u00fccklich von allen Inhalten aller verlinkten Seitenadressen auf meiner Homepage und mache mir diese Inhalte nicht zu eigen&#8220;.<\/p>\n\n\n\n<p><\/p>\n","protected":false},"excerpt":{"rendered":"<p>Hier findest du alle rechtlichen Informationen \u00fcber Motorrad Ritter e.V. Angaben gem\u00e4\u00df \u00a75 TMG: Motorrad Ritter e.V.Goldmarkstr. 8780937 M\u00fcnchenE-Mail: juergen.moederl@gmx.deWebadministration: support@axiom-node.eu Vereinsregister: 207900Registergericht: Amtsgericht M\u00fcnchen Vertreten durchJ\u00fcrgen M\u00f6derl Haftung f\u00fcr Links Mit dem Urteil vom 12. Mai 1998 hat das Landgericht Hamburg entschieden, das man durch die Anbringung eines Links die Inhalte der gelinkte Seite [&hellip;]<\/p>\n","protected":false},"author":1,"featured_media":0,"parent":0,"menu_order":0,"comment_status":"closed","ping_status":"closed","template":"","meta":{"footnotes":""},"class_list":["post-35","page","type-page","status-publish","hentry"],"_links":{"self":[{"href":"https:\/\/motorrad-ritter.de\/index.php\/wp-json\/wp\/v2\/pages\/35","targetHints":{"allow":["GET"]}}],"collection":[{"href":"https:\/\/motorrad-ritter.de\/index.php\/wp-json\/wp\/v2\/pages"}],"about":[{"href":"https:\/\/motorrad-ritter.de\/index.php\/wp-json\/wp\/v2\/types\/page"}],"author":[{"embeddable":true,"href":"https:\/\/motorrad-ritter.de\/index.php\/wp-json\/wp\/v2\/users\/1"}],"replies":[{"embeddable":true,"href":"https:\/\/motorrad-ritter.de\/index.php\/wp-json\/wp\/v2\/comments?post=35"}],"version-history":[{"count":17,"href":"https:\/\/motorrad-ritter.de\/index.php\/wp-json\/wp\/v2\/pages\/35\/revisions"}],"predecessor-version":[{"id":66,"href":"https:\/\/motorrad-ritter.de\/index.php\/wp-json\/wp\/v2\/pages\/35\/revisions\/66"}],"wp:attachment":[{"href":"https:\/\/motorrad-ritter.de\/index.php\/wp-json\/wp\/v2\/media?parent=35"}],"curies":[{"name":"wp","href":"https:\/\/api.w.org\/{rel}","templated":true}]}}